{"id":5574,"date":"2016-12-03T15:44:41","date_gmt":"2016-12-03T15:44:41","guid":{"rendered":"http:\/\/demo.wpzoom.com\/inspiro-video\/?page_id=5574"},"modified":"2025-06-29T10:24:30","modified_gmt":"2025-06-29T10:24:30","slug":"services","status":"publish","type":"page","link":"https:\/\/ciecapsule.ch\/?page_id=5574","title":{"rendered":"Marc Ugolini"},"content":{"rendered":"\n\n\t<h2>\n\t\t\t\t\tBIOGRAFIE\n\t\t\t\t<\/h2>\n\t<p><img fetchpriority=\"high\" decoding=\"async\" src=\"http:\/\/ciecapsule.ch\/wp-content\/uploads\/2020\/03\/V9C6700-683x1024.jpg\" alt=\"\" width=\"325\" height=\"488\" \/><\/p>\n<p><b>Marc Ugolini alias \u00abSlimSpin\u00bb <\/b>geboren im Jahre 1987, setzt sich seit seinem 14. Lebensjahr f\u00fcr die jugendkulturelle F\u00f6rderung f\u00fcr Tanz und Hip-Hop in Biel\/Bienne ein. Bereits 2003 organisierte er in Zusammenarbeit mit der Jugendarbeit Biel und Nidau sein erstes Breaking Battle. 2004 folgte der Beitritt in die Capsule Corporation. Diese Formation setzt sich zusammen aus T\u00e4nzer*innen, DJs, Graffitik\u00fcnstler*innen und Rapper*innen, welche an Battles teilnehmen sowie verschiedenste Tanz- und Musikanl\u00e4sse organisieren und daran selbst Performen. Er bildet sich stets mit Workshops, Intensivkursen, Battles und Performances weiter. Er unterrichtete in zahlreichen Institutionen wie der Berner Fachhochschule, der P\u00e4dagogischen Hochschule Luzern, der Jungen B\u00fchne Bern und in zahlreichen \u00f6ffentlichen und privaten Schulen. Als Nachfolger der ersten Generation B-Boy&#8217;s and B-Girl&#8217;s (Breakdancer) in Biel, entwickelte er das Originalmaterial seiner Vorg\u00e4nger weiter, was ihn bereits auf drei Kontinente f\u00fchrte. Seit 2005 Unterrichtet Marc bis heute regelm\u00e4ssig in seiner Tanzschule Capsule Academy. Durch den in 2011 stattgefundenen Kontakt mit der klassischen und zeitgen\u00f6ssischen Tanzszene gehen seine Tendenzen immer mehr in Richtung B\u00fchnenst\u00fccke und Performances. So hielt sich Marc f\u00fcr eine l\u00e4ngere Zeit in Berlin auf und bildete sich in diesen K\u00fcnsten weiter. Nach seiner R\u00fcckkehr gr\u00fcndete er das Kollektiv Cie Capsule, welche das Ziel hat, sich mit Film und Performance Art auseinander zu setzen. Unter diesem Namen sind zahlreiche Performances und Filmcollagen kreiert und einem kleinen Publikum pr\u00e4sentiert worden.<\/p>\n<p><em>Marc, alias &#8222;SlimSpin&#8220;, n\u00e9 en 1987, est entr\u00e9 en contact avec la sc\u00e8ne Breaking en 1999. Depuis, il s&#8217;engage pour la promotion culturelle de la danse et du hip-hop \u00e0 Biel\/Bienne et est connu pour ses multiples talents. En 2004, il a rejoint la Capsule Corporation. Cette formation se compose de danseurs*, de DJ, de graffeurs* et de rappeurs* qui participent \u00e0 des concours de danse (battles), organisent des spectacles, du th\u00e9\u00e2tre dans\u00e9 ainsi que diverses manifestations de danse et de musique et s&#8217;y produisent eux-m\u00eames. Depuis 2005, Marc enseigne r\u00e9guli\u00e8rement dans son \u00e9cole de danse Capsule Academy. Il continue \u00e0 se perfectionner en organisant des ateliers, des cours intensifs et des battles. Il enseigne \u00e9galement en dehors de la Capsule Academy dans de nombreuses institutions telles que la Haute \u00e9cole des arts de Berne, la Haute \u00e9cole de Lucerne et dans de nombreuses \u00e9coles publiques. En tant que dernier successeur de la premi\u00e8re g\u00e9n\u00e9ration de B-Boy&#8217;s and B-Girl&#8217;s (breakdancers*) \u00e0 Biel\/Bienne, il a continu\u00e9 \u00e0 d\u00e9velopper le mat\u00e9riel original de ses pr\u00e9d\u00e9cesseurs*, ce qui l&#8217;a d\u00e9j\u00e0 conduit sur trois continents. Gr\u00e2ce au contact avec la sc\u00e8ne de la danse classique et contemporaine qui a eu lieu en 2011, ses tendances s&#8217;orientent de plus en plus vers des pi\u00e8ces de th\u00e9\u00e2tre et des performances. C&#8217;est ainsi que Marc a s\u00e9journ\u00e9 un certain temps \u00e0 Berlin et s&#8217;est form\u00e9 \u00e0 ces techniques. \u00c0 son retour, il a fond\u00e9 le collectif Cie Capsule, qui a pour but de se pencher sur le cin\u00e9ma, la danse et l&#8217;art de la performance. Depuis, de nombreuses productions de danse, performances et collages de films ont \u00e9t\u00e9 cr\u00e9\u00e9s sous ce nom et pr\u00e9sent\u00e9s \u00e0 un public tr\u00e8s vari\u00e9.<\/em><\/p>\n\n","protected":false},"excerpt":{"rendered":"<p>BIOGRAFIE Marc Ugolini alias \u00abSlimSpin\u00bb geboren im Jahre 1987, setzt sich seit seinem 14. Lebensjahr f\u00fcr die jugendkulturelle F\u00f6rderung f\u00fcr Tanz und Hip-Hop in Biel\/Bienne ein. Bereits 2003 organisierte er in Zusammenarbeit mit der Jugendarbeit Biel und Nidau sein erstes Breaking Battle. 2004 folgte der Beitritt in die Capsule Corporation. [&hellip;]<\/p>\n","protected":false},"author":3,"featured_media":6353,"parent":0,"menu_order":0,"comment_status":"closed","ping_status":"closed","template":"page-templates\/full-width-builder.php","meta":{"inspiro_page_layout":"narrow","inspiro_hide_title":false,"footnotes":""},"class_list":["post-5574","page","type-page","status-publish","has-post-thumbnail","hentry"],"aioseo_notices":[],"jetpack_sharing_enabled":true,"_links":{"self":[{"href":"https:\/\/ciecapsule.ch\/index.php?rest_route=\/wp\/v2\/pages\/5574","targetHints":{"allow":["GET"]}}],"collection":[{"href":"https:\/\/ciecapsule.ch\/index.php?rest_route=\/wp\/v2\/pages"}],"about":[{"href":"https:\/\/ciecapsule.ch\/index.php?rest_route=\/wp\/v2\/types\/page"}],"author":[{"embeddable":true,"href":"https:\/\/ciecapsule.ch\/index.php?rest_route=\/wp\/v2\/users\/3"}],"replies":[{"embeddable":true,"href":"https:\/\/ciecapsule.ch\/index.php?rest_route=%2Fwp%2Fv2%2Fcomments&post=5574"}],"version-history":[{"count":13,"href":"https:\/\/ciecapsule.ch\/index.php?rest_route=\/wp\/v2\/pages\/5574\/revisions"}],"predecessor-version":[{"id":6387,"href":"https:\/\/ciecapsule.ch\/index.php?rest_route=\/wp\/v2\/pages\/5574\/revisions\/6387"}],"wp:featuredmedia":[{"embeddable":true,"href":"https:\/\/ciecapsule.ch\/index.php?rest_route=\/wp\/v2\/media\/6353"}],"wp:attachment":[{"href":"https:\/\/ciecapsule.ch\/index.php?rest_route=%2Fwp%2Fv2%2Fmedia&parent=5574"}],"curies":[{"name":"wp","href":"https:\/\/api.w.org\/{rel}","templated":true}]}}