{"id":5860,"date":"2018-10-11T14:29:05","date_gmt":"2018-10-11T14:29:05","guid":{"rendered":"https:\/\/demo.wpzoom.com\/inspiro-video-xml\/?page_id=5860"},"modified":"2026-01-13T10:28:02","modified_gmt":"2026-01-13T10:28:02","slug":"homepage","status":"publish","type":"page","link":"https:\/\/ciecapsule.ch\/","title":{"rendered":"Homepage"},"content":{"rendered":"\n\n\t<h3>\n\t\t\t\t\tWORK\n\t\t\t\t<\/h3>\n\t<h3>\n\t\t\t\t\tABOUT\n\t\t\t\t<\/h3>\n\t<p>DE \/ FR \/ EN<\/p>\n<p>Cie Capsule ist ein k\u00fcnstlerisches Kollektiv, welches 2011 von Marc Ugolini gegr\u00fcndet wurde. Wir besch\u00e4ftigen uns mit k\u00fcnstlerischen Experimenten in den Bereichen zeitgen\u00f6ssischer Tanz und Breaking, Video und Performance. Die Gruppe besteht haupts\u00e4chlich aus Profis aus der Region Biel\/Bienne und talentierten Leuten, die Expert*innen auf ihrem Gebiet sind. Soziale Themen und der menschliche K\u00f6rper geh\u00f6ren zu den zentralen \u00e4sthetischen Elementen von Video und Tanz. Die kulturelle N\u00e4he zu Hip-Hop ist ein wichtiges Merkmal unserer Kunst. Als Verein organisieren wir professionelle Tanzproduktionen und kulturelle Veranstaltungen f\u00fcr Erwachsene. F\u00fcr Kinder und Jugendliche organisieren wir Workshops und partizipative Projekte.<\/p>\n<p>Cie Capsule, c&#8217;est un collectif artistique lanc\u00e9 en 2011 par Marc Ugolini. On s&#8217;int\u00e9resse aux exp\u00e9riences artistiques dans la danse contemporaine et le breaking, la vid\u00e9o et la performance. Le groupe est surtout compos\u00e9 de pros de la r\u00e9gion de Bienne et de gens talentueux qui connaissent bien leur domaine. Les th\u00e8mes sociaux et le corps humain sont au c\u0153ur de l&#8217;esth\u00e9tique de la vid\u00e9o et de la danse. La proximit\u00e9 culturelle avec le hip-hop est une caract\u00e9ristique importante de notre art. En tant qu&#8217;association, on organise des productions de danse professionnelles et des \u00e9v\u00e9nements culturels pour les adultes. Pour les enfants et les jeunes, on organise des ateliers et des projets participatifs.<\/p>\n<p>Cie Capsule is an artistic collective founded in 2011 by Marc Ugolini. We engage in artistic experimentation in the fields of contemporary dance and breaking, video and performance. The group consists mainly of professionals from the Biel\/Bienne region and talented individuals who are experts in their field. Social issues and the human body are among the central aesthetic elements of video and dance. The cultural proximity to hip-hop is an important feature of our art. As an association, we organise professional dance productions and cultural events for adults. For children and young people, we organise workshops and participatory projects.<\/p>\n\t\t\t<a  href=\"http:\/\/ciecapsule.ch\/?page_id=4491\" target=\"_self\" role=\"button\">\n\t\t\t\t\t\tAbout us\n\t\t<\/a>\n\t\n","protected":false},"excerpt":{"rendered":"<p>WORK ABOUT DE \/ FR \/ EN Cie Capsule ist ein k\u00fcnstlerisches Kollektiv, welches 2011 von Marc Ugolini gegr\u00fcndet wurde. Wir besch\u00e4ftigen uns mit k\u00fcnstlerischen Experimenten in den Bereichen zeitgen\u00f6ssischer Tanz und Breaking, Video und Performance. Die Gruppe besteht haupts\u00e4chlich aus Profis aus der Region Biel\/Bienne und talentierten Leuten, die [&hellip;]<\/p>\n","protected":false},"author":3,"featured_media":6435,"parent":0,"menu_order":0,"comment_status":"closed","ping_status":"closed","template":"page-templates\/homepage-builder-bb.php","meta":{"inspiro_page_layout":"narrow","inspiro_hide_title":false,"footnotes":""},"class_list":["post-5860","page","type-page","status-publish","has-post-thumbnail","hentry"],"aioseo_notices":[],"jetpack_sharing_enabled":true,"_links":{"self":[{"href":"https:\/\/ciecapsule.ch\/index.php?rest_route=\/wp\/v2\/pages\/5860","targetHints":{"allow":["GET"]}}],"collection":[{"href":"https:\/\/ciecapsule.ch\/index.php?rest_route=\/wp\/v2\/pages"}],"about":[{"href":"https:\/\/ciecapsule.ch\/index.php?rest_route=\/wp\/v2\/types\/page"}],"author":[{"embeddable":true,"href":"https:\/\/ciecapsule.ch\/index.php?rest_route=\/wp\/v2\/users\/3"}],"replies":[{"embeddable":true,"href":"https:\/\/ciecapsule.ch\/index.php?rest_route=%2Fwp%2Fv2%2Fcomments&post=5860"}],"version-history":[{"count":11,"href":"https:\/\/ciecapsule.ch\/index.php?rest_route=\/wp\/v2\/pages\/5860\/revisions"}],"predecessor-version":[{"id":6439,"href":"https:\/\/ciecapsule.ch\/index.php?rest_route=\/wp\/v2\/pages\/5860\/revisions\/6439"}],"wp:featuredmedia":[{"embeddable":true,"href":"https:\/\/ciecapsule.ch\/index.php?rest_route=\/wp\/v2\/media\/6435"}],"wp:attachment":[{"href":"https:\/\/ciecapsule.ch\/index.php?rest_route=%2Fwp%2Fv2%2Fmedia&parent=5860"}],"curies":[{"name":"wp","href":"https:\/\/api.w.org\/{rel}","templated":true}]}}