{"id":6344,"date":"2025-04-07T13:51:08","date_gmt":"2025-04-07T13:51:08","guid":{"rendered":"https:\/\/ciecapsule.ch\/?page_id=6344"},"modified":"2025-06-29T10:29:22","modified_gmt":"2025-06-29T10:29:22","slug":"services-2","status":"publish","type":"page","link":"https:\/\/ciecapsule.ch\/?page_id=6344","title":{"rendered":"Rosine Ponti"},"content":{"rendered":"\n\n\t<h2>\n\t\t\t\t\tBIOGRAFIE\n\t\t\t\t<\/h2>\n\t<p><img fetchpriority=\"high\" decoding=\"async\" src=\"http:\/\/ciecapsule.ch\/wp-content\/uploads\/2024\/04\/Rosine_Portrait-200x300.jpg\" alt=\"\" width=\"258\" height=\"387\" \/>Rosine Ponti a commenc\u00e9 \u00e0 danser dans sa ville natale \u00e0 Bienne et s&#8217;est form\u00e9e dans plusieurs \u00e9coles en ballet, danse contemporaine, hip-hop et plus tard en house. Apr\u00e8s sa maturit\u00e9 gymnasiale en option sp\u00e9cifique \u00ab art visuels \u00bb, elle part trois mois \u00e0 New York o\u00f9 elle diversifie ses connaissances au Broadway Dance Center. En 2016, elle devient membre de la compagnie Teki Tekua Junior. En 2019, elle obtient son dipl\u00f4me d&#8217;enseignante primaire \u00e0 la HEP Del\u00e9mont. Elle a ensuite \u00e9t\u00e9 admise \u00e0 la Haute \u00e9cole de danse contemporaine et urbaine, o\u00f9 elle a obtenu son dipl\u00f4me en ao\u00fbt 2022. Elle danse alors pour diff\u00e9rents chor\u00e9graphes comme Rena Brandenderger ou Luca Signoretti. En 2022, elle devient membre de la compagnie MIR de B\u00e2le ainsi que de la compagnie ONE \u00e0 Winterthur pour laquelle elle est en m\u00eame temps danseuse interpr\u00e8te et chor\u00e9graphe sur certain projets. En 2023, elle danse pour la cie7273 de Gen\u00e8ve, le cantus firmus de Soleure ainsi que pour la compagnie PITT de Luzerne. Elle devient co-directrice de la cie.capsule de Bienne en 2024. Dans la m\u00eame ann\u00e9e, elle danse pour la c\u00e9r\u00e9monie d&#8217;ouverture des Jeux Paralympiques de Paris sous la diraction d&#8217;Alexander Ekman et devient membre de la compagnie Del Rio de B\u00e2le. En parall\u00e8le, Rosine travail avec des enfants et des jeunes dans divers projets de danse \u00e0 B\u00e2le (miniMIR) et \u00e0 Bienne dans les \u00e9cole primaire et pour la compagnie Teki Tekua Junior.<\/p>\n<p><em>Rosine Ponti hat in ihrer Heimatstadt Biel mit dem Tanzen angefangen und sich an verschiedenen Schulen in Ballett, zeitgen\u00f6ssischem Tanz, Hip-Hop und sp\u00e4ter auch in House ausgebildet. Nach der Matura mit Schwerpunkt Bildende Kunst ist sie f\u00fcr drei Monate nach New York gegangen, wo sie am Broadway Dance Center ihre Kenntnisse erweitert hat. 2016 ist sie Mitglied der Compagnie Teki Tekua Junior geworden. 2019 hat sie ihr Grundschullehrerdiplom an der HEP Del\u00e9mont gemacht. Danach wurde sie an der H\u00f6here Fachschule f\u00fcr Zeitgen\u00f6ssischen und Urbanen B\u00fchnentanz aufgenommen und machte im August 2022 ihren Abschluss. Sie tanzt f\u00fcr verschiedene Choreografen wie Rena Brandenderger oder Luca Signoretti. 2022 wird sie Mitglied der Compagnie MIR in Basel sowie der Compagnie ONE in Winterthur, wo sie gleichzeitig als T\u00e4nzerin und Choreografin f\u00fcr bestimmte Projekte t\u00e4tig ist. 2023 tanzt sie f\u00fcr die Cie7273 in Genf, den Cantus Firmus in Solothurn und die Compagnie PITT in Luzern. 2024 wird sie Co-Direktorin der Cie Capsule in Biel. Im selben Jahr tanzt sie bei der Er\u00f6ffnungsfeier der Paralympischen Spiele in Paris unter der Leitung von Alexander Ekman und wird Mitglied der Compagnie Del Rio in Basel. Parallel dazu arbeitet Rosine mit Kindern und Jugendlichen in verschiedenen Tanzprojekten in Basel (miniMIR) und in Biel in Grundschulen und f\u00fcr die Compagnie Teki Tekua Junior.<\/em><\/p>\n\n","protected":false},"excerpt":{"rendered":"<p>BIOGRAFIE Rosine Ponti a commenc\u00e9 \u00e0 danser dans sa ville natale \u00e0 Bienne et s&#8217;est form\u00e9e dans plusieurs \u00e9coles en ballet, danse contemporaine, hip-hop et plus tard en house. Apr\u00e8s sa maturit\u00e9 gymnasiale en option sp\u00e9cifique \u00ab art visuels \u00bb, elle part trois mois \u00e0 New York o\u00f9 elle diversifie [&hellip;]<\/p>\n","protected":false},"author":3,"featured_media":6349,"parent":0,"menu_order":0,"comment_status":"closed","ping_status":"closed","template":"page-templates\/full-width-builder.php","meta":{"inspiro_page_layout":"narrow","inspiro_hide_title":false,"footnotes":""},"class_list":["post-6344","page","type-page","status-publish","has-post-thumbnail","hentry"],"aioseo_notices":[],"jetpack_sharing_enabled":true,"_links":{"self":[{"href":"https:\/\/ciecapsule.ch\/index.php?rest_route=\/wp\/v2\/pages\/6344","targetHints":{"allow":["GET"]}}],"collection":[{"href":"https:\/\/ciecapsule.ch\/index.php?rest_route=\/wp\/v2\/pages"}],"about":[{"href":"https:\/\/ciecapsule.ch\/index.php?rest_route=\/wp\/v2\/types\/page"}],"author":[{"embeddable":true,"href":"https:\/\/ciecapsule.ch\/index.php?rest_route=\/wp\/v2\/users\/3"}],"replies":[{"embeddable":true,"href":"https:\/\/ciecapsule.ch\/index.php?rest_route=%2Fwp%2Fv2%2Fcomments&post=6344"}],"version-history":[{"count":6,"href":"https:\/\/ciecapsule.ch\/index.php?rest_route=\/wp\/v2\/pages\/6344\/revisions"}],"predecessor-version":[{"id":6388,"href":"https:\/\/ciecapsule.ch\/index.php?rest_route=\/wp\/v2\/pages\/6344\/revisions\/6388"}],"wp:featuredmedia":[{"embeddable":true,"href":"https:\/\/ciecapsule.ch\/index.php?rest_route=\/wp\/v2\/media\/6349"}],"wp:attachment":[{"href":"https:\/\/ciecapsule.ch\/index.php?rest_route=%2Fwp%2Fv2%2Fmedia&parent=6344"}],"curies":[{"name":"wp","href":"https:\/\/api.w.org\/{rel}","templated":true}]}}